{"id":2673,"date":"2022-06-30T07:23:14","date_gmt":"2022-06-30T07:23:14","guid":{"rendered":"https:\/\/solan.lublin.pl\/maszyny-rolnicze\/%d0%b4%d0%b8%d0%bb%d0%b5%d1%80\/"},"modified":"2023-02-20T14:26:40","modified_gmt":"2023-02-20T14:26:40","slug":"%d0%b4%d0%b8%d0%bb%d0%b5%d1%80","status":"publish","type":"page","link":"https:\/\/solan.lublin.pl\/maszyny-rolnicze\/ru\/%d0%b4%d0%b8%d0%bb%d0%b5%d1%80\/","title":{"rendered":"\u0434\u0438\u043b\u0435\u0440"},"content":{"rendered":"<p>[et_pb_section fb_built=&#187;1&#8243; module_id=&#187;top&#187; _builder_version=&#187;4.17.4&#8243; _module_preset=&#187;default&#187; custom_padding=&#187;0px||0px||false|false&#187; global_colors_info=&#187;{}&#187;][et_pb_row disabled_on=&#187;on|on|off&#187; _builder_version=&#187;4.17.4&#8243; _module_preset=&#187;default&#187; width=&#187;100%&#187; max_width=&#187;100%&#187; custom_margin=&#187;0px||0px||false|false&#187; custom_padding=&#187;0px||||false|false&#187; saved_tabs=&#187;all&#187; global_colors_info=&#187;{}&#187;][et_pb_column type=&#187;4_4&#8243; _builder_version=&#187;4.17.4&#8243; _module_preset=&#187;default&#187; global_colors_info=&#187;{}&#187;][et_pb_slider arrows_custom_color=&#187;#000000&#8243; dot_nav_custom_color=&#187;#000000&#8243; _builder_version=&#187;4.17.4&#8243; _module_preset=&#187;default&#187; background_color=&#187;RGBA(255,255,255,0)&#187; hover_enabled=&#187;0&#8243; global_colors_info=&#187;{}&#187; sticky_enabled=&#187;0&#8243;][et_pb_slide heading=&#187;\u0421\u0435\u043b\u044c\u0441\u043a\u043e\u0445\u043e\u0437\u044f\u0439\u0441\u0442\u0432\u0435\u043d\u043d\u0430\u044f \u0442\u0435\u0445\u043d\u0438\u043a\u0430&#187; image=&#187;https:\/\/solan.lublin.pl\/maszyny-rolnicze\/wp-content\/uploads\/2022\/07\/podstrona_maszyna-1.png&#187; _builder_version=&#187;4.17.4&#8243; _module_preset=&#187;default&#187; header_font=&#187;Poppins|700||on|||||&#187; header_text_align=&#187;left&#187; header_text_color=&#187;#31374d&#187; header_font_size=&#187;30px&#187; body_text_color=&#187;#31374d&#187; body_font_size=&#187;25px&#187; background_enable_color=&#187;off&#187; background_image=&#187;https:\/\/solan.lublin.pl\/maszyny-rolnicze\/wp-content\/uploads\/2022\/07\/slider_podstrona_tlo1.jpg&#187; background_enable_image=&#187;on&#187; background_size=&#187;contain&#187; background_position=&#187;top_center&#187; custom_padding=&#187;7vw||7vw||true|false&#187; custom_padding_tablet=&#187;&#187; custom_padding_phone=&#187;&#187; custom_padding_last_edited=&#187;on|desktop&#187; hover_enabled=&#187;0&#8243; header_font_size_tablet=&#187;20px&#187; header_font_size_phone=&#187;16px&#187; header_font_size_last_edited=&#187;on|phone&#187; body_font_size_tablet=&#187;18px&#187; body_font_size_phone=&#187;16px&#187; body_font_size_last_edited=&#187;on|phone&#187; background_last_edited=&#187;on|phone&#187; background_size_tablet=&#187;contain&#187; background_position_phone=&#187;top_center&#187; header_text_shadow_style=&#187;preset1&#8243; header_text_shadow_color=&#187;RGBA(255,255,255,0)&#187; body_text_shadow_style=&#187;preset1&#8243; body_text_shadow_color=&#187;RGBA(255,255,255,0)&#187; border_color_all_image=&#187;RGBA(255,255,255,0)&#187; global_colors_info=&#187;{}&#187; sticky_transition=&#187;on&#187; sticky_enabled=&#187;0&#8243;]<\/p>\n<p>\u041c\u044b \u044f\u0432\u043b\u044f\u0435\u043c\u0441\u044f \u043f\u0440\u043e\u0438\u0437\u0432\u043e\u0434\u0438\u0442\u0435\u043b\u0435\u043c \u0441\u0435\u043b\u044c\u0441\u043a\u043e\u0445\u043e\u0437\u044f\u0439\u0441\u0442\u0432\u0435\u043d\u043d\u043e\u0439 \u0442\u0435\u0445\u043d\u0438\u043a\u0438<\/p>\n<p>[\/et_pb_slide][et_pb_slide heading=&#187;\u0421\u0435\u043b\u044c\u0441\u043a\u043e\u0445\u043e\u0437\u044f\u0439\u0441\u0442\u0432\u0435\u043d\u043d\u0430\u044f \u0442\u0435\u0445\u043d\u0438\u043a\u0430&#187; image=&#187;https:\/\/solan.lublin.pl\/maszyny-rolnicze\/wp-content\/uploads\/2022\/07\/podstrona_maszyna-2.png&#187; _builder_version=&#187;4.17.4&#8243; _module_preset=&#187;default&#187; header_font=&#187;Poppins|700||on|||||&#187; header_text_align=&#187;left&#187; header_text_color=&#187;#31374d&#187; header_font_size=&#187;30px&#187; body_text_color=&#187;#31374d&#187; body_font_size=&#187;25px&#187; background_enable_color=&#187;off&#187; background_image=&#187;https:\/\/solan.lublin.pl\/maszyny-rolnicze\/wp-content\/uploads\/2022\/07\/slider_podstrona_tlo2.jpg&#187; background_enable_image=&#187;on&#187; background_size=&#187;contain&#187; background_position=&#187;top_center&#187; custom_padding=&#187;7vw||7vw||true|false&#187; hover_enabled=&#187;0&#8243; header_text_shadow_style=&#187;preset1&#8243; header_text_shadow_color=&#187;RGBA(255,255,255,0)&#187; body_text_shadow_style=&#187;preset1&#8243; body_text_shadow_color=&#187;RGBA(255,255,255,0)&#187; global_colors_info=&#187;{}&#187; sticky_transition=&#187;on&#187; sticky_enabled=&#187;0&#8243;]<\/p>\n<p>\u041c\u044b \u044f\u0432\u043b\u044f\u0435\u043c\u0441\u044f \u043f\u0440\u043e\u0438\u0437\u0432\u043e\u0434\u0438\u0442\u0435\u043b\u0435\u043c \u0441\u0435\u043b\u044c\u0441\u043a\u043e\u0445\u043e\u0437\u044f\u0439\u0441\u0442\u0432\u0435\u043d\u043d\u043e\u0439 \u0442\u0435\u0445\u043d\u0438\u043a\u0438<\/p>\n<p>[\/et_pb_slide][et_pb_slide heading=&#187;\u0421\u0435\u043b\u044c\u0441\u043a\u043e\u0445\u043e\u0437\u044f\u0439\u0441\u0442\u0432\u0435\u043d\u043d\u0430\u044f \u0442\u0435\u0445\u043d\u0438\u043a\u0430&#187; image=&#187;https:\/\/solan.lublin.pl\/maszyny-rolnicze\/wp-content\/uploads\/2022\/07\/podstrona_maszyna-3.png&#187; _builder_version=&#187;4.17.4&#8243; _module_preset=&#187;default&#187; header_font=&#187;Poppins|700||on|||||&#187; header_text_align=&#187;left&#187; header_text_color=&#187;#31374d&#187; header_font_size=&#187;30px&#187; body_text_color=&#187;#31374d&#187; body_font_size=&#187;25px&#187; background_enable_color=&#187;off&#187; background_image=&#187;https:\/\/solan.lublin.pl\/maszyny-rolnicze\/wp-content\/uploads\/2022\/07\/slider_podstrona_tlo3.jpg&#187; background_enable_image=&#187;on&#187; background_size=&#187;contain&#187; background_position=&#187;top_center&#187; custom_padding=&#187;7vw||7vw||true|false&#187; hover_enabled=&#187;0&#8243; header_text_shadow_style=&#187;preset1&#8243; header_text_shadow_color=&#187;RGBA(255,255,255,0)&#187; body_text_shadow_style=&#187;preset1&#8243; body_text_shadow_color=&#187;RGBA(255,255,255,0)&#187; global_colors_info=&#187;{}&#187; sticky_transition=&#187;on&#187; sticky_enabled=&#187;0&#8243;]<\/p>\n<p>\u041c\u044b \u044f\u0432\u043b\u044f\u0435\u043c\u0441\u044f \u043f\u0440\u043e\u0438\u0437\u0432\u043e\u0434\u0438\u0442\u0435\u043b\u0435\u043c \u0441\u0435\u043b\u044c\u0441\u043a\u043e\u0445\u043e\u0437\u044f\u0439\u0441\u0442\u0432\u0435\u043d\u043d\u043e\u0439 \u0442\u0435\u0445\u043d\u0438\u043a\u0438<\/p>\n<p>[\/et_pb_slide][\/et_pb_slider][dipl_breadcrumb breadcrumb_layout=&#187;layout2&#8243; separator_type=&#187;icon_separator&#187; separator_icon=&#187;&#x35;||divi||400&#8243; use_home_link_custom_text=&#187;on&#187; home_link_text=&#187;Jeste\u015b Tutaj&#187; _builder_version=&#187;4.17.4&#8243; _module_preset=&#187;default&#187; text_font=&#187;|||on|||||&#187; text_text_color=&#187;#E02B20&#8243; link_text_color=&#187;#a8a8a8&#8243; width=&#187;90%&#187; custom_margin=&#187;|||5%|false|false&#187; border_width_bottom=&#187;1px&#187; border_color_bottom=&#187;#d8d8d8&#8243; global_colors_info=&#187;{}&#187;][\/dipl_breadcrumb][\/et_pb_column][\/et_pb_row][\/et_pb_section][et_pb_section fb_built=&#187;1&#8243; _builder_version=&#187;4.17.4&#8243; _module_preset=&#187;default&#187; custom_margin=&#187;0px||||false|false&#187; custom_padding=&#187;0px||||false|false&#187; global_colors_info=&#187;{}&#187;][et_pb_row column_structure=&#187;1_5,3_5,1_5&#8243; _builder_version=&#187;4.17.4&#8243; _module_preset=&#187;default&#187; global_colors_info=&#187;{}&#187;][et_pb_column type=&#187;1_5&#8243; _builder_version=&#187;4.17.4&#8243; _module_preset=&#187;default&#187; global_colors_info=&#187;{}&#187;][\/et_pb_column][et_pb_column type=&#187;3_5&#8243; _builder_version=&#187;4.17.4&#8243; _module_preset=&#187;default&#187; global_colors_info=&#187;{}&#187;][et_pb_text _builder_version=&#187;4.17.4&#8243; _module_preset=&#187;default&#187; hover_enabled=&#187;0&#8243; sticky_enabled=&#187;0&#8243;]<\/p>\n<h2 class=\"hotspot-title\" style=\"text-align: center;\">Russia<\/h2>\n<div class=\"hotspot-content\">\n<p style=\"text-align: center;\"><span><b>NOVATECH LLC<\/b><\/span><br \/>2-YA MASHINOSTROITELNAYA 9,<br \/>215805 YARTSEVO,<br \/>phone:\u00a0 +74814332522<br \/>email:<span>\u00a0<\/span><a href=\"mailto:rusak@novatech.agro.ru\">rusak@novatech.agro.ru<\/a><\/p>\n<p style=\"text-align: center;\"><span><b>\u00abCIG\u00bb LTD<\/b><\/span><br \/>Krasnaya Str. 1,<br \/>Bichevy village,<br \/>Leningradsky region,<br \/>353751 The Krasnodar Territory,<br \/>phone: +7 (918) 591 4508 ,<br \/>email:<a href=\"mailto:import@ruscig.com\"><span>\u00a0<\/span>import@ruscig.com<\/a><\/p>\n<\/div>\n<p>[\/et_pb_text][\/et_pb_column][et_pb_column type=&#187;1_5&#8243; _builder_version=&#187;4.17.4&#8243; _module_preset=&#187;default&#187; global_colors_info=&#187;{}&#187;][\/et_pb_column][\/et_pb_row][et_pb_row column_structure=&#187;1_2,1_2&#8243; _builder_version=&#187;4.17.4&#8243; _module_preset=&#187;default&#187; background_image=&#187;https:\/\/solan.lublin.pl\/maszyny-rolnicze\/wp-content\/uploads\/2022\/07\/tlo_konfigurator.png&#187; background_size=&#187;contain&#187; background_position=&#187;center_right&#187; width=&#187;83%&#187; custom_margin=&#187;5vw||||false|false&#187; custom_padding=&#187;5vw||||false|false&#187; hover_enabled=&#187;0&#8243; background_last_edited=&#187;on|phone&#187; background_enable_image_tablet=&#187;off&#187; saved_tabs=&#187;all&#187; global_colors_info=&#187;{}&#187; disabled_on=&#187;on|on|on&#187; disabled=&#187;on&#187; sticky_enabled=&#187;0&#8243;][et_pb_column type=&#187;1_2&#8243; _builder_version=&#187;4.17.4&#8243; _module_preset=&#187;default&#187; global_colors_info=&#187;{}&#187;][et_pb_text _builder_version=&#187;4.17.4&#8243; _module_preset=&#187;default&#187; header_3_font=&#187;|800|||||||&#187; header_3_text_color=&#187;#31374d&#187; header_3_font_size=&#187;30px&#187; header_4_font=&#187;|600||on|||||&#187; header_4_text_color=&#187;#5bb700&#8243; header_4_font_size=&#187;60px&#187; header_4_line_height=&#187;1.2em&#187; header_4_font_size_tablet=&#187;60px&#187; header_4_font_size_phone=&#187;30px&#187; header_4_font_size_last_edited=&#187;on|tablet&#187; global_colors_info=&#187;{}&#187;]<\/p>\n<h3>Zainteresowa\u0142a Pa\u0144stwa nasza oferta?<\/h3>\n<h4>Przejd\u017a do konfiguratora<\/h4>\n<p>[\/et_pb_text][et_pb_button button_url=&#187;https:\/\/solan.lublin.pl\/maszyny-rolnicze\/konfigurator\/&#187; button_text=&#187;dalej&#187; _builder_version=&#187;4.17.4&#8243; _module_preset=&#187;default&#187; custom_button=&#187;on&#187; button_text_size=&#187;16px&#187; button_text_color=&#187;#31374d&#187; button_bg_use_color_gradient=&#187;on&#187; button_bg_color_gradient_direction=&#187;135deg&#187; button_bg_color_gradient_stops=&#187;rgba(255,255,255,0) 95%|#31374d 95%&#187; button_border_width=&#187;1px&#187; button_font=&#187;|||on|||||&#187; button_use_icon=&#187;off&#187; custom_padding=&#187;|5vw||5vw|false|true&#187; global_colors_info=&#187;{}&#187; button_text_color__hover_enabled=&#187;on|hover&#187; button_bg_color__hover_enabled=&#187;on|hover&#187; button_bg_enable_color__hover=&#187;on&#187; button_bg_color__hover=&#187;#31374d&#187; button_text_color__hover=&#187;#FFFFFF&#187;][\/et_pb_button][\/et_pb_column][et_pb_column type=&#187;1_2&#8243; _builder_version=&#187;4.17.4&#8243; _module_preset=&#187;default&#187; background_enable_image=&#187;off&#187; background_position=&#187;top_center&#187; global_colors_info=&#187;{}&#187;][et_pb_image src=&#187;https:\/\/solan.lublin.pl\/maszyny-rolnicze\/wp-content\/uploads\/2022\/07\/maszyna_konfigurator-1.png&#187; title_text=&#187;maszyna_konfigurator&#187; _builder_version=&#187;4.17.4&#8243; _module_preset=&#187;default&#187; custom_padding=&#187;||||false|false&#187; animation_style=&#187;slide&#187; animation_direction=&#187;left&#187; animation_duration=&#187;1200ms&#187; animation_intensity_slide=&#187;15%&#187; global_colors_info=&#187;{}&#187;][\/et_pb_image][\/et_pb_column][\/et_pb_row][\/et_pb_section]<\/p>\n","protected":false},"excerpt":{"rendered":"<p>\u041c\u044b \u044f\u0432\u043b\u044f\u0435\u043c\u0441\u044f \u043f\u0440\u043e\u0438\u0437\u0432\u043e\u0434\u0438\u0442\u0435\u043b\u0435\u043c \u0441\u0435\u043b\u044c\u0441\u043a\u043e\u0445\u043e\u0437\u044f\u0439\u0441\u0442\u0432\u0435\u043d\u043d\u043e\u0439 \u0442\u0435\u0445\u043d\u0438\u043a\u0438\u041c\u044b \u044f\u0432\u043b\u044f\u0435\u043c\u0441\u044f \u043f\u0440\u043e\u0438\u0437\u0432\u043e\u0434\u0438\u0442\u0435\u043b\u0435\u043c \u0441\u0435\u043b\u044c\u0441\u043a\u043e\u0445\u043e\u0437\u044f\u0439\u0441\u0442\u0432\u0435\u043d\u043d\u043e\u0439 \u0442\u0435\u0445\u043d\u0438\u043a\u0438\u041c\u044b \u044f\u0432\u043b\u044f\u0435\u043c\u0441\u044f \u043f\u0440\u043e\u0438\u0437\u0432\u043e\u0434\u0438\u0442\u0435\u043b\u0435\u043c \u0441\u0435\u043b\u044c\u0441\u043a\u043e\u0445\u043e\u0437\u044f\u0439\u0441\u0442\u0432\u0435\u043d\u043d\u043e\u0439 \u0442\u0435\u0445\u043d\u0438\u043a\u0438<div class=\"et_pb_with_border et_pb_module dipl_breadcrumb dipl_breadcrumb_0\">\n\t\t\t\t\n\t\t\t\t\n\t\t\t\t\n\t\t\t\t\n\t\t\t\t\n\t\t\t\t\n\t\t\t\t<div class=\"et_pb_module_inner\">\n\t\t\t\t\t<div class=\"dipl-breadcrumb-wrapper layout2\">\n\t\t\t\t<ol class=\"dipl-breadcrumb-inner\" vocab=\"https:\/\/schema.org\/\" typeof=\"BreadcrumbList\">\n\t\t\t\t\t<li property=\"itemListElement\" typeof=\"ListItem\" data-icon=\"&#x35;\">\n\t\t\t\t\t\t\t\t<a class=\"breadcrumb-item dipl-home-page\" href=\"https:\/\/solan.lublin.pl\/maszyny-rolnicze\/ru\/\" property=\"item\" typeof=\"WebPage\" >\n\t\t\t\t\t\t\t\t\t<span class=\"breadcrumb-page\" property=\"name\">Jeste\u015b Tutaj<\/span>\n\t\t\t\t\t\t\t\t<\/a>\n\t\t\t\t\t\t\t\t<meta property=\"position\" content=\"1\" \/>\n\t\t\t\t\t\t\t<\/li>\n\t\t\t\t<\/ol>\n\t\t\t<\/div>\n\t\t\t\t<\/div>\n\t\t\t<\/div>Russia NOVATECH LLC2-YA MASHINOSTROITELNAYA 9,215805 YARTSEVO,phone:\u00a0 +74814332522email:\u00a0rusak@novatech.agro.ru \u00abCIG\u00bb LTDKrasnaya Str. 1,Bichevy village,Leningradsky region,353751 The Krasnodar Territory,phone: +7 (918) 591 4508 ,email:\u00a0import@ruscig.com Zainteresowa\u0142a Pa\u0144stwa nasza oferta? Przejd\u017a do [&hellip;]<\/p>\n","protected":false},"author":1,"featured_media":0,"parent":0,"menu_order":0,"comment_status":"closed","ping_status":"closed","template":"","meta":{"_et_pb_use_builder":"on","_et_pb_old_content":"","_et_gb_content_width":"","footnotes":""},"class_list":["post-2673","page","type-page","status-publish","hentry"],"yoast_head":"<!-- This site is optimized with the Yoast SEO plugin v26.9 - https:\/\/yoast.com\/product\/yoast-seo-wordpress\/ -->\n<title>\u0434\u0438\u043b\u0435\u0440 - Solan<\/title>\n<meta name=\"robots\" content=\"index, follow, max-snippet:-1, max-image-preview:large, max-video-preview:-1\" \/>\n<link rel=\"canonical\" href=\"https:\/\/solan.lublin.pl\/maszyny-rolnicze\/ru\/\u0434\u0438\u043b\u0435\u0440\/\" \/>\n<meta property=\"og:locale\" content=\"ru_RU\" \/>\n<meta property=\"og:type\" content=\"article\" \/>\n<meta property=\"og:title\" content=\"\u0434\u0438\u043b\u0435\u0440 - Solan\" \/>\n<meta property=\"og:description\" content=\"\u041c\u044b \u044f\u0432\u043b\u044f\u0435\u043c\u0441\u044f \u043f\u0440\u043e\u0438\u0437\u0432\u043e\u0434\u0438\u0442\u0435\u043b\u0435\u043c \u0441\u0435\u043b\u044c\u0441\u043a\u043e\u0445\u043e\u0437\u044f\u0439\u0441\u0442\u0432\u0435\u043d\u043d\u043e\u0439 \u0442\u0435\u0445\u043d\u0438\u043a\u0438\u041c\u044b \u044f\u0432\u043b\u044f\u0435\u043c\u0441\u044f \u043f\u0440\u043e\u0438\u0437\u0432\u043e\u0434\u0438\u0442\u0435\u043b\u0435\u043c \u0441\u0435\u043b\u044c\u0441\u043a\u043e\u0445\u043e\u0437\u044f\u0439\u0441\u0442\u0432\u0435\u043d\u043d\u043e\u0439 \u0442\u0435\u0445\u043d\u0438\u043a\u0438\u041c\u044b \u044f\u0432\u043b\u044f\u0435\u043c\u0441\u044f \u043f\u0440\u043e\u0438\u0437\u0432\u043e\u0434\u0438\u0442\u0435\u043b\u0435\u043c \u0441\u0435\u043b\u044c\u0441\u043a\u043e\u0445\u043e\u0437\u044f\u0439\u0441\u0442\u0432\u0435\u043d\u043d\u043e\u0439 \u0442\u0435\u0445\u043d\u0438\u043a\u0438Russia NOVATECH LLC2-YA MASHINOSTROITELNAYA 9,215805 YARTSEVO,phone:\u00a0 +74814332522email:\u00a0rusak@novatech.agro.ru \u00abCIG\u00bb LTDKrasnaya Str. 1,Bichevy village,Leningradsky region,353751 The Krasnodar Territory,phone: +7 (918) 591 4508 ,email:\u00a0import@ruscig.com Zainteresowa\u0142a Pa\u0144stwa nasza oferta? Przejd\u017a do [&hellip;]\" \/>\n<meta property=\"og:url\" content=\"https:\/\/solan.lublin.pl\/maszyny-rolnicze\/ru\/\u0434\u0438\u043b\u0435\u0440\/\" \/>\n<meta property=\"og:site_name\" content=\"Solan\" \/>\n<meta property=\"article:modified_time\" content=\"2023-02-20T14:26:40+00:00\" \/>\n<meta name=\"twitter:card\" content=\"summary_large_image\" \/>\n<meta name=\"twitter:label1\" content=\"\u041f\u0440\u0438\u043c\u0435\u0440\u043d\u043e\u0435 \u0432\u0440\u0435\u043c\u044f \u0434\u043b\u044f \u0447\u0442\u0435\u043d\u0438\u044f\" \/>\n\t<meta name=\"twitter:data1\" content=\"5 \u043c\u0438\u043d\u0443\u0442\" \/>\n<script type=\"application\/ld+json\" class=\"yoast-schema-graph\">{\"@context\":\"https:\/\/schema.org\",\"@graph\":[{\"@type\":\"WebPage\",\"@id\":\"https:\/\/solan.lublin.pl\/maszyny-rolnicze\/ru\/%d0%b4%d0%b8%d0%bb%d0%b5%d1%80\/\",\"url\":\"https:\/\/solan.lublin.pl\/maszyny-rolnicze\/ru\/%d0%b4%d0%b8%d0%bb%d0%b5%d1%80\/\",\"name\":\"\u0434\u0438\u043b\u0435\u0440 - Solan\",\"isPartOf\":{\"@id\":\"https:\/\/solan.lublin.pl\/maszyny-rolnicze\/#website\"},\"datePublished\":\"2022-06-30T07:23:14+00:00\",\"dateModified\":\"2023-02-20T14:26:40+00:00\",\"breadcrumb\":{\"@id\":\"https:\/\/solan.lublin.pl\/maszyny-rolnicze\/ru\/%d0%b4%d0%b8%d0%bb%d0%b5%d1%80\/#breadcrumb\"},\"inLanguage\":\"ru-RU\",\"potentialAction\":[{\"@type\":\"ReadAction\",\"target\":[\"https:\/\/solan.lublin.pl\/maszyny-rolnicze\/ru\/%d0%b4%d0%b8%d0%bb%d0%b5%d1%80\/\"]}]},{\"@type\":\"BreadcrumbList\",\"@id\":\"https:\/\/solan.lublin.pl\/maszyny-rolnicze\/ru\/%d0%b4%d0%b8%d0%bb%d0%b5%d1%80\/#breadcrumb\",\"itemListElement\":[{\"@type\":\"ListItem\",\"position\":1,\"name\":\"Strona g\u0142\u00f3wna\",\"item\":\"https:\/\/solan.lublin.pl\/maszyny-rolnicze\/ru\/\"},{\"@type\":\"ListItem\",\"position\":2,\"name\":\"\u0434\u0438\u043b\u0435\u0440\"}]},{\"@type\":\"WebSite\",\"@id\":\"https:\/\/solan.lublin.pl\/maszyny-rolnicze\/#website\",\"url\":\"https:\/\/solan.lublin.pl\/maszyny-rolnicze\/\",\"name\":\"Solan\",\"description\":\"Maszyny rolnicze\",\"potentialAction\":[{\"@type\":\"SearchAction\",\"target\":{\"@type\":\"EntryPoint\",\"urlTemplate\":\"https:\/\/solan.lublin.pl\/maszyny-rolnicze\/?s={search_term_string}\"},\"query-input\":{\"@type\":\"PropertyValueSpecification\",\"valueRequired\":true,\"valueName\":\"search_term_string\"}}],\"inLanguage\":\"ru-RU\"}]}<\/script>\n<!-- \/ Yoast SEO plugin. -->","yoast_head_json":{"title":"\u0434\u0438\u043b\u0435\u0440 - Solan","robots":{"index":"index","follow":"follow","max-snippet":"max-snippet:-1","max-image-preview":"max-image-preview:large","max-video-preview":"max-video-preview:-1"},"canonical":"https:\/\/solan.lublin.pl\/maszyny-rolnicze\/ru\/\u0434\u0438\u043b\u0435\u0440\/","og_locale":"ru_RU","og_type":"article","og_title":"\u0434\u0438\u043b\u0435\u0440 - Solan","og_description":"\u041c\u044b \u044f\u0432\u043b\u044f\u0435\u043c\u0441\u044f \u043f\u0440\u043e\u0438\u0437\u0432\u043e\u0434\u0438\u0442\u0435\u043b\u0435\u043c \u0441\u0435\u043b\u044c\u0441\u043a\u043e\u0445\u043e\u0437\u044f\u0439\u0441\u0442\u0432\u0435\u043d\u043d\u043e\u0439 \u0442\u0435\u0445\u043d\u0438\u043a\u0438\u041c\u044b \u044f\u0432\u043b\u044f\u0435\u043c\u0441\u044f \u043f\u0440\u043e\u0438\u0437\u0432\u043e\u0434\u0438\u0442\u0435\u043b\u0435\u043c \u0441\u0435\u043b\u044c\u0441\u043a\u043e\u0445\u043e\u0437\u044f\u0439\u0441\u0442\u0432\u0435\u043d\u043d\u043e\u0439 \u0442\u0435\u0445\u043d\u0438\u043a\u0438\u041c\u044b \u044f\u0432\u043b\u044f\u0435\u043c\u0441\u044f \u043f\u0440\u043e\u0438\u0437\u0432\u043e\u0434\u0438\u0442\u0435\u043b\u0435\u043c \u0441\u0435\u043b\u044c\u0441\u043a\u043e\u0445\u043e\u0437\u044f\u0439\u0441\u0442\u0432\u0435\u043d\u043d\u043e\u0439 \u0442\u0435\u0445\u043d\u0438\u043a\u0438Russia NOVATECH LLC2-YA MASHINOSTROITELNAYA 9,215805 YARTSEVO,phone:\u00a0 +74814332522email:\u00a0rusak@novatech.agro.ru \u00abCIG\u00bb LTDKrasnaya Str. 1,Bichevy village,Leningradsky region,353751 The Krasnodar Territory,phone: +7 (918) 591 4508 ,email:\u00a0import@ruscig.com Zainteresowa\u0142a Pa\u0144stwa nasza oferta? Przejd\u017a do [&hellip;]","og_url":"https:\/\/solan.lublin.pl\/maszyny-rolnicze\/ru\/\u0434\u0438\u043b\u0435\u0440\/","og_site_name":"Solan","article_modified_time":"2023-02-20T14:26:40+00:00","twitter_card":"summary_large_image","twitter_misc":{"\u041f\u0440\u0438\u043c\u0435\u0440\u043d\u043e\u0435 \u0432\u0440\u0435\u043c\u044f \u0434\u043b\u044f \u0447\u0442\u0435\u043d\u0438\u044f":"5 \u043c\u0438\u043d\u0443\u0442"},"schema":{"@context":"https:\/\/schema.org","@graph":[{"@type":"WebPage","@id":"https:\/\/solan.lublin.pl\/maszyny-rolnicze\/ru\/%d0%b4%d0%b8%d0%bb%d0%b5%d1%80\/","url":"https:\/\/solan.lublin.pl\/maszyny-rolnicze\/ru\/%d0%b4%d0%b8%d0%bb%d0%b5%d1%80\/","name":"\u0434\u0438\u043b\u0435\u0440 - Solan","isPartOf":{"@id":"https:\/\/solan.lublin.pl\/maszyny-rolnicze\/#website"},"datePublished":"2022-06-30T07:23:14+00:00","dateModified":"2023-02-20T14:26:40+00:00","breadcrumb":{"@id":"https:\/\/solan.lublin.pl\/maszyny-rolnicze\/ru\/%d0%b4%d0%b8%d0%bb%d0%b5%d1%80\/#breadcrumb"},"inLanguage":"ru-RU","potentialAction":[{"@type":"ReadAction","target":["https:\/\/solan.lublin.pl\/maszyny-rolnicze\/ru\/%d0%b4%d0%b8%d0%bb%d0%b5%d1%80\/"]}]},{"@type":"BreadcrumbList","@id":"https:\/\/solan.lublin.pl\/maszyny-rolnicze\/ru\/%d0%b4%d0%b8%d0%bb%d0%b5%d1%80\/#breadcrumb","itemListElement":[{"@type":"ListItem","position":1,"name":"Strona g\u0142\u00f3wna","item":"https:\/\/solan.lublin.pl\/maszyny-rolnicze\/ru\/"},{"@type":"ListItem","position":2,"name":"\u0434\u0438\u043b\u0435\u0440"}]},{"@type":"WebSite","@id":"https:\/\/solan.lublin.pl\/maszyny-rolnicze\/#website","url":"https:\/\/solan.lublin.pl\/maszyny-rolnicze\/","name":"Solan","description":"Maszyny rolnicze","potentialAction":[{"@type":"SearchAction","target":{"@type":"EntryPoint","urlTemplate":"https:\/\/solan.lublin.pl\/maszyny-rolnicze\/?s={search_term_string}"},"query-input":{"@type":"PropertyValueSpecification","valueRequired":true,"valueName":"search_term_string"}}],"inLanguage":"ru-RU"}]}},"_links":{"self":[{"href":"https:\/\/solan.lublin.pl\/maszyny-rolnicze\/ru\/wp-json\/wp\/v2\/pages\/2673","targetHints":{"allow":["GET"]}}],"collection":[{"href":"https:\/\/solan.lublin.pl\/maszyny-rolnicze\/ru\/wp-json\/wp\/v2\/pages"}],"about":[{"href":"https:\/\/solan.lublin.pl\/maszyny-rolnicze\/ru\/wp-json\/wp\/v2\/types\/page"}],"author":[{"embeddable":true,"href":"https:\/\/solan.lublin.pl\/maszyny-rolnicze\/ru\/wp-json\/wp\/v2\/users\/1"}],"replies":[{"embeddable":true,"href":"https:\/\/solan.lublin.pl\/maszyny-rolnicze\/ru\/wp-json\/wp\/v2\/comments?post=2673"}],"version-history":[{"count":1,"href":"https:\/\/solan.lublin.pl\/maszyny-rolnicze\/ru\/wp-json\/wp\/v2\/pages\/2673\/revisions"}],"predecessor-version":[{"id":2674,"href":"https:\/\/solan.lublin.pl\/maszyny-rolnicze\/ru\/wp-json\/wp\/v2\/pages\/2673\/revisions\/2674"}],"wp:attachment":[{"href":"https:\/\/solan.lublin.pl\/maszyny-rolnicze\/ru\/wp-json\/wp\/v2\/media?parent=2673"}],"curies":[{"name":"wp","href":"https:\/\/api.w.org\/{rel}","templated":true}]}}