{"id":20,"date":"2022-06-30T07:23:00","date_gmt":"2022-06-30T07:23:00","guid":{"rendered":"http:\/\/epiar.e-kei.pl\/solan_maszyny\/?page_id=20"},"modified":"2026-03-26T08:25:32","modified_gmt":"2026-03-26T08:25:32","slug":"oferta","status":"publish","type":"page","link":"https:\/\/solan.lublin.pl\/maszyny-rolnicze\/oferta\/","title":{"rendered":"Oferta"},"content":{"rendered":"<p>[et_pb_section fb_built=&#8221;1&#8243; module_id=&#8221;top&#8221; _builder_version=&#8221;4.17.4&#8243; _module_preset=&#8221;default&#8221; custom_padding=&#8221;0px||0px||false|false&#8221; global_colors_info=&#8221;{}&#8221;][et_pb_row disabled_on=&#8221;on|on|off&#8221; admin_label=&#8221;Wiersz&#8221; _builder_version=&#8221;4.17.4&#8243; _module_preset=&#8221;default&#8221; width=&#8221;100%&#8221; max_width=&#8221;100%&#8221; custom_margin=&#8221;0px||0px||false|false&#8221; custom_padding=&#8221;0px||||false|false&#8221; global_module=&#8221;913&#8243; saved_tabs=&#8221;all&#8221; collapsed=&#8221;off&#8221; global_colors_info=&#8221;{}&#8221;][et_pb_column type=&#8221;4_4&#8243; _builder_version=&#8221;4.17.4&#8243; _module_preset=&#8221;default&#8221; global_colors_info=&#8221;{}&#8221;][et_pb_slider arrows_custom_color=&#8221;#000000&#8243; dot_nav_custom_color=&#8221;#000000&#8243; _builder_version=&#8221;4.17.4&#8243; _module_preset=&#8221;default&#8221; background_color=&#8221;RGBA(255,255,255,0)&#8221; global_colors_info=&#8221;{}&#8221;][et_pb_slide image=&#8221;https:\/\/solan.lublin.pl\/maszyny-rolnicze\/wp-content\/uploads\/2022\/07\/podstrona_maszyna-1.png&#8221; _builder_version=&#8221;4.17.4&#8243; _module_preset=&#8221;default&#8221; header_font=&#8221;Poppins|700||on|||||&#8221; header_text_align=&#8221;left&#8221; header_text_color=&#8221;#31374d&#8221; header_font_size=&#8221;30px&#8221; body_text_color=&#8221;#31374d&#8221; body_font_size=&#8221;25px&#8221; background_enable_color=&#8221;off&#8221; background_image=&#8221;https:\/\/solan.lublin.pl\/maszyny-rolnicze\/wp-content\/uploads\/2022\/07\/slider_podstrona_tlo1.jpg&#8221; background_enable_image=&#8221;on&#8221; background_size=&#8221;contain&#8221; background_position=&#8221;top_center&#8221; custom_padding=&#8221;7vw||7vw||true|false&#8221; custom_padding_tablet=&#8221;&#8221; custom_padding_phone=&#8221;&#8221; custom_padding_last_edited=&#8221;on|desktop&#8221; header_font_size_tablet=&#8221;20px&#8221; header_font_size_phone=&#8221;16px&#8221; header_font_size_last_edited=&#8221;on|phone&#8221; body_font_size_tablet=&#8221;18px&#8221; body_font_size_phone=&#8221;16px&#8221; body_font_size_last_edited=&#8221;on|phone&#8221; background_last_edited=&#8221;on|phone&#8221; background_size_tablet=&#8221;contain&#8221; background_position_phone=&#8221;top_center&#8221; header_text_shadow_style=&#8221;preset1&#8243; header_text_shadow_color=&#8221;RGBA(255,255,255,0)&#8221; body_text_shadow_style=&#8221;preset1&#8243; body_text_shadow_color=&#8221;RGBA(255,255,255,0)&#8221; border_color_all_image=&#8221;RGBA(255,255,255,0)&#8221; global_colors_info=&#8221;{}&#8221; sticky_transition=&#8221;on&#8221;]<\/p>\n<p><span style=\"line-height: 30px; font-weight: 700!important; font-size: 30px!important; text-align: left!important;\">MASZYNY ROLNICZE<\/span><br \/>Jeste\u015bmy producentem maszyn rolniczych<\/p>\n<p>[\/et_pb_slide][et_pb_slide image=&#8221;https:\/\/solan.lublin.pl\/maszyny-rolnicze\/wp-content\/uploads\/2022\/07\/podstrona_maszyna-2.png&#8221; _builder_version=&#8221;4.17.4&#8243; _module_preset=&#8221;default&#8221; header_font=&#8221;Poppins|700||on|||||&#8221; header_text_align=&#8221;left&#8221; header_text_color=&#8221;#31374d&#8221; header_font_size=&#8221;30px&#8221; body_text_color=&#8221;#31374d&#8221; body_font_size=&#8221;25px&#8221; background_enable_color=&#8221;off&#8221; background_image=&#8221;https:\/\/solan.lublin.pl\/maszyny-rolnicze\/wp-content\/uploads\/2022\/07\/slider_podstrona_tlo2.jpg&#8221; background_enable_image=&#8221;on&#8221; background_size=&#8221;contain&#8221; background_position=&#8221;top_center&#8221; custom_padding=&#8221;7vw||7vw||true|false&#8221; header_text_shadow_style=&#8221;preset1&#8243; header_text_shadow_color=&#8221;RGBA(255,255,255,0)&#8221; body_text_shadow_style=&#8221;preset1&#8243; body_text_shadow_color=&#8221;RGBA(255,255,255,0)&#8221; global_colors_info=&#8221;{}&#8221; sticky_transition=&#8221;on&#8221;]<\/p>\n<p><span style=\"line-height: 30px; font-weight: 700!important; font-size: 30px!important; text-align: left!important;\">MASZYNY ROLNICZE<\/span><br \/>Jeste\u015bmy producentem maszyn rolniczych<\/p>\n<p>[\/et_pb_slide][et_pb_slide image=&#8221;https:\/\/solan.lublin.pl\/maszyny-rolnicze\/wp-content\/uploads\/2022\/07\/podstrona_maszyna-3.png&#8221; _builder_version=&#8221;4.17.4&#8243; _module_preset=&#8221;default&#8221; header_font=&#8221;Poppins|700||on|||||&#8221; header_text_align=&#8221;left&#8221; header_text_color=&#8221;#31374d&#8221; header_font_size=&#8221;30px&#8221; body_text_color=&#8221;#31374d&#8221; body_font_size=&#8221;25px&#8221; background_enable_color=&#8221;off&#8221; background_image=&#8221;https:\/\/solan.lublin.pl\/maszyny-rolnicze\/wp-content\/uploads\/2022\/07\/slider_podstrona_tlo3.jpg&#8221; background_enable_image=&#8221;on&#8221; background_size=&#8221;contain&#8221; background_position=&#8221;top_center&#8221; custom_padding=&#8221;7vw||7vw||true|false&#8221; header_text_shadow_style=&#8221;preset1&#8243; header_text_shadow_color=&#8221;RGBA(255,255,255,0)&#8221; body_text_shadow_style=&#8221;preset1&#8243; body_text_shadow_color=&#8221;RGBA(255,255,255,0)&#8221; global_colors_info=&#8221;{}&#8221; sticky_transition=&#8221;on&#8221;]<\/p>\n<p><span style=\"line-height: 30px; font-weight: 700!important; font-size: 30px!important; text-align: left!important;\">MASZYNY ROLNICZE<\/span><br \/>Jeste\u015bmy producentem maszyn rolniczych<\/p>\n<p>[\/et_pb_slide][\/et_pb_slider][dipl_breadcrumb breadcrumb_layout=&#8221;layout2&#8243; separator_type=&#8221;icon_separator&#8221; separator_icon=&#8221;&#x35;||divi||400&#8243; use_home_link_custom_text=&#8221;on&#8221; home_link_text=&#8221;Jeste\u015b Tutaj&#8221; admin_label=&#8221;DP Breadcrumbs&#8221; _builder_version=&#8221;4.17.4&#8243; _module_preset=&#8221;default&#8221; text_font=&#8221;|||on|||||&#8221; text_text_color=&#8221;#E02B20&#8243; link_text_color=&#8221;#a8a8a8&#8243; width=&#8221;90%&#8221; custom_margin=&#8221;|||5%|false|false&#8221; border_width_bottom=&#8221;1px&#8221; border_color_bottom=&#8221;#d8d8d8&#8243; global_colors_info=&#8221;{}&#8221;][\/dipl_breadcrumb][\/et_pb_column][\/et_pb_row][\/et_pb_section][et_pb_section fb_built=&#8221;1&#8243; _builder_version=&#8221;4.17.4&#8243; _module_preset=&#8221;default&#8221; custom_margin=&#8221;0px||0px||false|false&#8221; custom_padding=&#8221;0px||0px||false|false&#8221; global_colors_info=&#8221;{}&#8221;][et_pb_row _builder_version=&#8221;4.17.4&#8243; _module_preset=&#8221;default&#8221; global_colors_info=&#8221;{}&#8221;][et_pb_column type=&#8221;4_4&#8243; _builder_version=&#8221;4.17.4&#8243; _module_preset=&#8221;default&#8221; global_colors_info=&#8221;{}&#8221;][et_pb_text _builder_version=&#8221;4.17.4&#8243; _module_preset=&#8221;default&#8221; header_2_font=&#8221;|700|||||||&#8221; header_2_text_align=&#8221;center&#8221; header_2_font_size=&#8221;30px&#8221; global_colors_info=&#8221;{}&#8221;]<\/p>\n<h1>Oferta maszyn rolniczych<\/h1>\n<p>[\/et_pb_text][\/et_pb_column][\/et_pb_row][et_pb_row column_structure=&#8221;1_3,1_3,1_3&#8243; _builder_version=&#8221;4.17.4&#8243; _module_preset=&#8221;default&#8221; global_colors_info=&#8221;{}&#8221;][et_pb_column type=&#8221;1_3&#8243; _builder_version=&#8221;4.17.4&#8243; _module_preset=&#8221;default&#8221; global_colors_info=&#8221;{}&#8221;][et_pb_blurb url=&#8221;https:\/\/solan.lublin.pl\/maszyny-rolnicze\/oferta\/sadzarki\/&#8221; image=&#8221;https:\/\/solan.lublin.pl\/maszyny-rolnicze\/wp-content\/uploads\/Model-K2-02-transparent-skalowane-1024&#215;684.png&#8221; _builder_version=&#8221;4.17.4&#8243; _module_preset=&#8221;default&#8221; body_font=&#8221;|600|||||||&#8221; body_text_align=&#8221;center&#8221; body_font_size=&#8221;22px&#8221; background_enable_image=&#8221;off&#8221; link_option_url=&#8221;https:\/\/solan.lublin.pl\/maszyny-rolnicze\/oferta\/sadzarki\/&#8221; border_radii=&#8221;on|10px|10px|10px|10px&#8221; border_width_all=&#8221;2px&#8221; border_color_all=&#8221;RGBA(255,255,255,0)&#8221; global_colors_info=&#8221;{}&#8221; border_color_all__hover_enabled=&#8221;on|hover&#8221; border_color_all__hover=&#8221;#5bb700&#8243;]<\/p>\n<p>SADZARKI<\/p>\n<p>[\/et_pb_blurb][\/et_pb_column][et_pb_column type=&#8221;1_3&#8243; _builder_version=&#8221;4.17.4&#8243; _module_preset=&#8221;default&#8221; global_colors_info=&#8221;{}&#8221;][et_pb_blurb url=&#8221;https:\/\/solan.lublin.pl\/maszyny-rolnicze\/oferta\/pielniki\/&#8221; image=&#8221;https:\/\/solan.lublin.pl\/maszyny-rolnicze\/wp-content\/uploads\/P501-1-002-transparent-skaled-1024&#215;684.png&#8221; _builder_version=&#8221;4.17.4&#8243; _module_preset=&#8221;default&#8221; body_font=&#8221;|600|||||||&#8221; body_text_align=&#8221;center&#8221; body_font_size=&#8221;22px&#8221; background_enable_image=&#8221;off&#8221; link_option_url=&#8221;https:\/\/solan.lublin.pl\/maszyny-rolnicze\/oferta\/pielniki\/&#8221; border_radii=&#8221;on|10px|10px|10px|10px&#8221; border_width_all=&#8221;2px&#8221; border_color_all=&#8221;RGBA(255,255,255,0)&#8221; global_colors_info=&#8221;{}&#8221; border_color_all__hover=&#8221;#5bb700&#8243; border_color_all__hover_enabled=&#8221;on|hover&#8221;]<\/p>\n<p>PIELNIKI<\/p>\n<p>[\/et_pb_blurb][\/et_pb_column][et_pb_column type=&#8221;1_3&#8243; _builder_version=&#8221;4.17.4&#8243; _module_preset=&#8221;default&#8221; global_colors_info=&#8221;{}&#8221;][et_pb_blurb url=&#8221;https:\/\/solan.lublin.pl\/maszyny-rolnicze\/oferta\/kombajn-z\/&#8221; image=&#8221;https:\/\/solan.lublin.pl\/maszyny-rolnicze\/wp-content\/uploads\/kombajn-002-transparent-skaled.png&#8221; _builder_version=&#8221;4.17.4&#8243; _module_preset=&#8221;default&#8221; body_font=&#8221;|600|||||||&#8221; body_text_align=&#8221;center&#8221; body_font_size=&#8221;22px&#8221; link_option_url=&#8221;https:\/\/solan.lublin.pl\/maszyny-rolnicze\/oferta\/kombajn-z\/&#8221; border_radii=&#8221;on|10px|10px|10px|10px&#8221; border_width_all=&#8221;2px&#8221; border_color_all=&#8221;RGBA(255,255,255,0)&#8221; global_colors_info=&#8221;{}&#8221; border_color_all__hover=&#8221;#5bb700&#8243; border_color_all__hover_enabled=&#8221;on|hover&#8221;]<\/p>\n<p>KOMBAJN Z<\/p>\n<p>[\/et_pb_blurb][\/et_pb_column][\/et_pb_row][et_pb_row column_structure=&#8221;1_3,1_3,1_3&#8243; _builder_version=&#8221;4.17.4&#8243; _module_preset=&#8221;default&#8221; global_colors_info=&#8221;{}&#8221;][et_pb_column type=&#8221;1_3&#8243; _builder_version=&#8221;4.17.4&#8243; _module_preset=&#8221;default&#8221; global_colors_info=&#8221;{}&#8221;][et_pb_blurb url=&#8221;https:\/\/solan.lublin.pl\/maszyny-rolnicze\/oferta\/akcesoria-pielnikow\/&#8221; image=&#8221;https:\/\/solan.lublin.pl\/maszyny-rolnicze\/wp-content\/uploads\/Gwiazdy-Kress-do-Ramy_1-scaled.jpg&#8221; alt=&#8221;Gwiazdy Kress&#8221; _builder_version=&#8221;4.17.4&#8243; _module_preset=&#8221;default&#8221; body_font=&#8221;|600|||||||&#8221; body_text_align=&#8221;center&#8221; body_font_size=&#8221;22px&#8221; background_enable_image=&#8221;off&#8221; link_option_url=&#8221;https:\/\/solan.lublin.pl\/maszyny-rolnicze\/oferta\/akcesoria-pielnikow\/&#8221; border_radii=&#8221;on|10px|10px|10px|10px&#8221; border_width_all=&#8221;2px&#8221; border_color_all=&#8221;RGBA(255,255,255,0)&#8221; global_colors_info=&#8221;{}&#8221; border_color_all__hover=&#8221;#5bb700&#8243; border_color_all__hover_enabled=&#8221;on|hover&#8221;]<\/p>\n<p>AKCESORIA PIELNIK\u00d3W<\/p>\n<p>[\/et_pb_blurb][\/et_pb_column][et_pb_column type=&#8221;1_3&#8243; _builder_version=&#8221;4.17.4&#8243; _module_preset=&#8221;default&#8221; global_colors_info=&#8221;{}&#8221;][et_pb_blurb url=&#8221;https:\/\/solan.lublin.pl\/maszyny-rolnicze\/oferta\/akcesoria-sadzarki\/&#8221; image=&#8221;https:\/\/solan.lublin.pl\/maszyny-rolnicze\/wp-content\/uploads\/Zadaszenie.jpg&#8221; alt=&#8221;Zadaszenie&#8221; _builder_version=&#8221;4.17.4&#8243; _module_preset=&#8221;default&#8221; body_font=&#8221;|600|||||||&#8221; body_text_align=&#8221;center&#8221; body_font_size=&#8221;22px&#8221; background_enable_image=&#8221;off&#8221; link_option_url=&#8221;https:\/\/solan.lublin.pl\/maszyny-rolnicze\/oferta\/akcesoria-sadzarki\/&#8221; border_radii=&#8221;on|10px|10px|10px|10px&#8221; border_width_all=&#8221;2px&#8221; border_color_all=&#8221;RGBA(255,255,255,0)&#8221; global_colors_info=&#8221;{}&#8221; border_color_all__hover=&#8221;#5bb700&#8243; border_color_all__hover_enabled=&#8221;on|hover&#8221;]<\/p>\n<p>AKCESORIA SADZARKI<\/p>\n<p>[\/et_pb_blurb][\/et_pb_column][et_pb_column type=&#8221;1_3&#8243; _builder_version=&#8221;4.17.4&#8243; _module_preset=&#8221;default&#8221; global_colors_info=&#8221;{}&#8221;][\/et_pb_column][\/et_pb_row][\/et_pb_section][et_pb_section fb_built=&#8221;1&#8243; _builder_version=&#8221;4.17.4&#8243; _module_preset=&#8221;default&#8221; global_colors_info=&#8221;{}&#8221;][et_pb_row column_structure=&#8221;1_2,1_2&#8243; _builder_version=&#8221;4.17.4&#8243; _module_preset=&#8221;default&#8221; background_image=&#8221;https:\/\/solan.lublin.pl\/maszyny-rolnicze\/wp-content\/uploads\/2022\/07\/tlo_konfigurator.png&#8221; background_size=&#8221;contain&#8221; background_position=&#8221;center_right&#8221; width=&#8221;83%&#8221; custom_margin=&#8221;5vw||||false|false&#8221; custom_padding=&#8221;5vw||||false|false&#8221; background_last_edited=&#8221;on|phone&#8221; background_enable_image_tablet=&#8221;off&#8221; global_module=&#8221;1143&#8243; saved_tabs=&#8221;all&#8221; global_colors_info=&#8221;{}&#8221;][et_pb_column type=&#8221;1_2&#8243; _builder_version=&#8221;4.17.4&#8243; _module_preset=&#8221;default&#8221; global_colors_info=&#8221;{}&#8221;][et_pb_text admin_label=&#8221;Tekst&#8221; _builder_version=&#8221;4.17.4&#8243; _module_preset=&#8221;default&#8221; header_3_font=&#8221;|800|||||||&#8221; header_3_text_color=&#8221;#31374d&#8221; header_3_font_size=&#8221;30px&#8221; header_4_font=&#8221;|600||on|||||&#8221; header_4_text_color=&#8221;#5bb700&#8243; header_4_font_size=&#8221;60px&#8221; header_4_line_height=&#8221;1.2em&#8221; header_4_font_size_tablet=&#8221;60px&#8221; header_4_font_size_phone=&#8221;30px&#8221; header_4_font_size_last_edited=&#8221;on|tablet&#8221; global_colors_info=&#8221;{}&#8221;]<\/p>\n<h3>Zainteresowa\u0142a Pa\u0144stwa nasza oferta?<\/h3>\n<h4>Przejd\u017a do konfiguratora<\/h4>\n<p>Konfigurator maszyn rolniczych na stronie producenta Solan to narz\u0119dzie, kt\u00f3re umo\u017cliwia indywidualne dostosowywanie sprz\u0119tu do specyficznych wymaga\u0144 ka\u017cdego gospodarstwa. Dzi\u0119ki niemu ka\u017cdy u\u017cytkownik ma mo\u017cliwo\u015b\u0107 doboru odpowiednich komponent\u00f3w do pielnik\u00f3w czy sadzarek. W ten spos\u00f3b tworzymy maszyny rolnicze na zam\u00f3wienie, kt\u00f3re najlepiej spe\u0142ni\u0105 indywidualne oczekiwania.<\/p>\n<p>[\/et_pb_text][et_pb_button button_url=&#8221;https:\/\/solan.lublin.pl\/maszyny-rolnicze\/konfigurator\/&#8221; button_text=&#8221;dalej&#8221; _builder_version=&#8221;4.17.4&#8243; _module_preset=&#8221;default&#8221; custom_button=&#8221;on&#8221; button_text_size=&#8221;16px&#8221; button_text_color=&#8221;#31374d&#8221; button_bg_use_color_gradient=&#8221;on&#8221; button_bg_color_gradient_direction=&#8221;135deg&#8221; button_bg_color_gradient_stops=&#8221;rgba(255,255,255,0) 95%|#31374d 95%&#8221; button_border_width=&#8221;1px&#8221; button_font=&#8221;|||on|||||&#8221; button_use_icon=&#8221;off&#8221; custom_padding=&#8221;|5vw||5vw|false|true&#8221; global_colors_info=&#8221;{}&#8221; button_text_color__hover_enabled=&#8221;on|hover&#8221; button_bg_color__hover_enabled=&#8221;on|hover&#8221; button_bg_enable_color__hover=&#8221;on&#8221; button_bg_color__hover=&#8221;#31374d&#8221; button_text_color__hover=&#8221;#FFFFFF&#8221;][\/et_pb_button][\/et_pb_column][et_pb_column type=&#8221;1_2&#8243; _builder_version=&#8221;4.17.4&#8243; _module_preset=&#8221;default&#8221; background_enable_image=&#8221;off&#8221; background_position=&#8221;top_center&#8221; global_colors_info=&#8221;{}&#8221;][et_pb_image src=&#8221;https:\/\/solan.lublin.pl\/maszyny-rolnicze\/wp-content\/uploads\/2022\/07\/maszyna_konfigurator-1.png&#8221; title_text=&#8221;maszyna_konfigurator&#8221; _builder_version=&#8221;4.17.4&#8243; _module_preset=&#8221;default&#8221; custom_padding=&#8221;||||false|false&#8221; animation_style=&#8221;slide&#8221; animation_direction=&#8221;left&#8221; animation_duration=&#8221;1200ms&#8221; animation_intensity_slide=&#8221;15%&#8221; global_colors_info=&#8221;{}&#8221;][\/et_pb_image][\/et_pb_column][\/et_pb_row][\/et_pb_section]<\/p>\n","protected":false},"excerpt":{"rendered":"<p>MASZYNY ROLNICZEJeste\u015bmy producentem maszyn rolniczychMASZYNY ROLNICZEJeste\u015bmy producentem maszyn rolniczychMASZYNY ROLNICZEJeste\u015bmy producentem maszyn rolniczych<div class=\"et_pb_with_border et_pb_module dipl_breadcrumb dipl_breadcrumb_0\">\n\t\t\t\t\n\t\t\t\t\n\t\t\t\t\n\t\t\t\t\n\t\t\t\t\n\t\t\t\t\n\t\t\t\t<div class=\"et_pb_module_inner\">\n\t\t\t\t\t<div class=\"dipl-breadcrumb-wrapper layout2\">\n\t\t\t\t<ol class=\"dipl-breadcrumb-inner\" vocab=\"https:\/\/schema.org\/\" typeof=\"BreadcrumbList\">\n\t\t\t\t\t<li property=\"itemListElement\" typeof=\"ListItem\" data-icon=\"&#x35;\">\n\t\t\t\t\t\t\t\t<a class=\"breadcrumb-item dipl-home-page\" href=\"https:\/\/solan.lublin.pl\/maszyny-rolnicze\" property=\"item\" typeof=\"WebPage\" >\n\t\t\t\t\t\t\t\t\t<span class=\"breadcrumb-page\" property=\"name\">Jeste\u015b Tutaj<\/span>\n\t\t\t\t\t\t\t\t<\/a>\n\t\t\t\t\t\t\t\t<meta property=\"position\" content=\"1\" \/>\n\t\t\t\t\t\t\t<\/li>\n\t\t\t\t<\/ol>\n\t\t\t<\/div>\n\t\t\t\t<\/div>\n\t\t\t<\/div>Oferta maszyn rolniczychSADZARKIPIELNIKIKOMBAJN ZAKCESORIA PIELNIK\u00d3WAKCESORIA SADZARKIZainteresowa\u0142a Pa\u0144stwa nasza oferta? Przejd\u017a do konfiguratora Konfigurator maszyn rolniczych na stronie producenta Solan to narz\u0119dzie, kt\u00f3re umo\u017cliwia indywidualne dostosowywanie [&hellip;]<\/p>\n","protected":false},"author":1,"featured_media":0,"parent":0,"menu_order":0,"comment_status":"closed","ping_status":"closed","template":"","meta":{"_et_pb_use_builder":"on","_et_pb_old_content":"<!-- wp:divi\/placeholder \/-->","_et_gb_content_width":"","footnotes":""},"class_list":["post-20","page","type-page","status-publish","hentry"],"yoast_head":"<!-- This site is optimized with the Yoast SEO plugin v26.9 - https:\/\/yoast.com\/product\/yoast-seo-wordpress\/ -->\n<title>Oferta - Solan<\/title>\n<meta name=\"description\" content=\"Szeroki wyb\u00f3r maszyn rolniczych dla profesjonalist\u00f3w! Sprawd\u017a nasz\u0105 ofert\u0119 i wybierz sprz\u0119t, kt\u00f3ry zwi\u0119kszy efektywno\u015b\u0107 Twojej pracy!\" \/>\n<meta name=\"robots\" content=\"index, follow, max-snippet:-1, max-image-preview:large, max-video-preview:-1\" \/>\n<link rel=\"canonical\" href=\"https:\/\/solan.lublin.pl\/maszyny-rolnicze\/oferta\/\" \/>\n<meta property=\"og:locale\" content=\"pl_PL\" \/>\n<meta property=\"og:type\" content=\"article\" \/>\n<meta property=\"og:title\" content=\"Oferta - Solan\" \/>\n<meta property=\"og:description\" content=\"Szeroki wyb\u00f3r maszyn rolniczych dla profesjonalist\u00f3w! Sprawd\u017a nasz\u0105 ofert\u0119 i wybierz sprz\u0119t, kt\u00f3ry zwi\u0119kszy efektywno\u015b\u0107 Twojej pracy!\" \/>\n<meta property=\"og:url\" content=\"https:\/\/solan.lublin.pl\/maszyny-rolnicze\/oferta\/\" \/>\n<meta property=\"og:site_name\" content=\"Solan\" \/>\n<meta property=\"article:modified_time\" content=\"2026-03-26T08:25:32+00:00\" \/>\n<meta name=\"twitter:card\" content=\"summary_large_image\" \/>\n<meta name=\"twitter:label1\" content=\"Szacowany czas czytania\" \/>\n\t<meta name=\"twitter:data1\" content=\"3 minuty\" \/>\n<script type=\"application\/ld+json\" class=\"yoast-schema-graph\">{\"@context\":\"https:\/\/schema.org\",\"@graph\":[{\"@type\":\"WebPage\",\"@id\":\"https:\/\/solan.lublin.pl\/maszyny-rolnicze\/oferta\/\",\"url\":\"https:\/\/solan.lublin.pl\/maszyny-rolnicze\/oferta\/\",\"name\":\"Oferta - Solan\",\"isPartOf\":{\"@id\":\"https:\/\/solan.lublin.pl\/maszyny-rolnicze\/#website\"},\"datePublished\":\"2022-06-30T07:23:00+00:00\",\"dateModified\":\"2026-03-26T08:25:32+00:00\",\"description\":\"Szeroki wyb\u00f3r maszyn rolniczych dla profesjonalist\u00f3w! Sprawd\u017a nasz\u0105 ofert\u0119 i wybierz sprz\u0119t, kt\u00f3ry zwi\u0119kszy efektywno\u015b\u0107 Twojej pracy!\",\"breadcrumb\":{\"@id\":\"https:\/\/solan.lublin.pl\/maszyny-rolnicze\/oferta\/#breadcrumb\"},\"inLanguage\":\"pl-PL\",\"potentialAction\":[{\"@type\":\"ReadAction\",\"target\":[\"https:\/\/solan.lublin.pl\/maszyny-rolnicze\/oferta\/\"]}]},{\"@type\":\"BreadcrumbList\",\"@id\":\"https:\/\/solan.lublin.pl\/maszyny-rolnicze\/oferta\/#breadcrumb\",\"itemListElement\":[{\"@type\":\"ListItem\",\"position\":1,\"name\":\"Strona g\u0142\u00f3wna\",\"item\":\"https:\/\/solan.lublin.pl\/maszyny-rolnicze\/\"},{\"@type\":\"ListItem\",\"position\":2,\"name\":\"Oferta\"}]},{\"@type\":\"WebSite\",\"@id\":\"https:\/\/solan.lublin.pl\/maszyny-rolnicze\/#website\",\"url\":\"https:\/\/solan.lublin.pl\/maszyny-rolnicze\/\",\"name\":\"Solan\",\"description\":\"Maszyny rolnicze\",\"potentialAction\":[{\"@type\":\"SearchAction\",\"target\":{\"@type\":\"EntryPoint\",\"urlTemplate\":\"https:\/\/solan.lublin.pl\/maszyny-rolnicze\/?s={search_term_string}\"},\"query-input\":{\"@type\":\"PropertyValueSpecification\",\"valueRequired\":true,\"valueName\":\"search_term_string\"}}],\"inLanguage\":\"pl-PL\"}]}<\/script>\n<!-- \/ Yoast SEO plugin. -->","yoast_head_json":{"title":"Oferta - Solan","description":"Szeroki wyb\u00f3r maszyn rolniczych dla profesjonalist\u00f3w! Sprawd\u017a nasz\u0105 ofert\u0119 i wybierz sprz\u0119t, kt\u00f3ry zwi\u0119kszy efektywno\u015b\u0107 Twojej pracy!","robots":{"index":"index","follow":"follow","max-snippet":"max-snippet:-1","max-image-preview":"max-image-preview:large","max-video-preview":"max-video-preview:-1"},"canonical":"https:\/\/solan.lublin.pl\/maszyny-rolnicze\/oferta\/","og_locale":"pl_PL","og_type":"article","og_title":"Oferta - Solan","og_description":"Szeroki wyb\u00f3r maszyn rolniczych dla profesjonalist\u00f3w! Sprawd\u017a nasz\u0105 ofert\u0119 i wybierz sprz\u0119t, kt\u00f3ry zwi\u0119kszy efektywno\u015b\u0107 Twojej pracy!","og_url":"https:\/\/solan.lublin.pl\/maszyny-rolnicze\/oferta\/","og_site_name":"Solan","article_modified_time":"2026-03-26T08:25:32+00:00","twitter_card":"summary_large_image","twitter_misc":{"Szacowany czas czytania":"3 minuty"},"schema":{"@context":"https:\/\/schema.org","@graph":[{"@type":"WebPage","@id":"https:\/\/solan.lublin.pl\/maszyny-rolnicze\/oferta\/","url":"https:\/\/solan.lublin.pl\/maszyny-rolnicze\/oferta\/","name":"Oferta - Solan","isPartOf":{"@id":"https:\/\/solan.lublin.pl\/maszyny-rolnicze\/#website"},"datePublished":"2022-06-30T07:23:00+00:00","dateModified":"2026-03-26T08:25:32+00:00","description":"Szeroki wyb\u00f3r maszyn rolniczych dla profesjonalist\u00f3w! Sprawd\u017a nasz\u0105 ofert\u0119 i wybierz sprz\u0119t, kt\u00f3ry zwi\u0119kszy efektywno\u015b\u0107 Twojej pracy!","breadcrumb":{"@id":"https:\/\/solan.lublin.pl\/maszyny-rolnicze\/oferta\/#breadcrumb"},"inLanguage":"pl-PL","potentialAction":[{"@type":"ReadAction","target":["https:\/\/solan.lublin.pl\/maszyny-rolnicze\/oferta\/"]}]},{"@type":"BreadcrumbList","@id":"https:\/\/solan.lublin.pl\/maszyny-rolnicze\/oferta\/#breadcrumb","itemListElement":[{"@type":"ListItem","position":1,"name":"Strona g\u0142\u00f3wna","item":"https:\/\/solan.lublin.pl\/maszyny-rolnicze\/"},{"@type":"ListItem","position":2,"name":"Oferta"}]},{"@type":"WebSite","@id":"https:\/\/solan.lublin.pl\/maszyny-rolnicze\/#website","url":"https:\/\/solan.lublin.pl\/maszyny-rolnicze\/","name":"Solan","description":"Maszyny rolnicze","potentialAction":[{"@type":"SearchAction","target":{"@type":"EntryPoint","urlTemplate":"https:\/\/solan.lublin.pl\/maszyny-rolnicze\/?s={search_term_string}"},"query-input":{"@type":"PropertyValueSpecification","valueRequired":true,"valueName":"search_term_string"}}],"inLanguage":"pl-PL"}]}},"_links":{"self":[{"href":"https:\/\/solan.lublin.pl\/maszyny-rolnicze\/wp-json\/wp\/v2\/pages\/20","targetHints":{"allow":["GET"]}}],"collection":[{"href":"https:\/\/solan.lublin.pl\/maszyny-rolnicze\/wp-json\/wp\/v2\/pages"}],"about":[{"href":"https:\/\/solan.lublin.pl\/maszyny-rolnicze\/wp-json\/wp\/v2\/types\/page"}],"author":[{"embeddable":true,"href":"https:\/\/solan.lublin.pl\/maszyny-rolnicze\/wp-json\/wp\/v2\/users\/1"}],"replies":[{"embeddable":true,"href":"https:\/\/solan.lublin.pl\/maszyny-rolnicze\/wp-json\/wp\/v2\/comments?post=20"}],"version-history":[{"count":23,"href":"https:\/\/solan.lublin.pl\/maszyny-rolnicze\/wp-json\/wp\/v2\/pages\/20\/revisions"}],"predecessor-version":[{"id":3926,"href":"https:\/\/solan.lublin.pl\/maszyny-rolnicze\/wp-json\/wp\/v2\/pages\/20\/revisions\/3926"}],"wp:attachment":[{"href":"https:\/\/solan.lublin.pl\/maszyny-rolnicze\/wp-json\/wp\/v2\/media?parent=20"}],"curies":[{"name":"wp","href":"https:\/\/api.w.org\/{rel}","templated":true}]}}