{"id":3357,"date":"2023-11-14T09:33:12","date_gmt":"2023-11-14T09:33:12","guid":{"rendered":"https:\/\/solan.lublin.pl\/maszyny-rolnicze\/?page_id=3357"},"modified":"2026-03-26T08:22:29","modified_gmt":"2026-03-26T08:22:29","slug":"deklaracja-dostepnosci","status":"publish","type":"page","link":"https:\/\/solan.lublin.pl\/maszyny-rolnicze\/deklaracja-dostepnosci\/","title":{"rendered":"Deklaracja Dost\u0119pno\u015bci"},"content":{"rendered":"<p>[et_pb_section fb_built=&#8221;1&#8243; admin_label=&#8221;section&#8221; _builder_version=&#8221;4.16&#8243; global_colors_info=&#8221;{}&#8221;][et_pb_row admin_label=&#8221;row&#8221; _builder_version=&#8221;4.16&#8243; background_size=&#8221;initial&#8221; background_position=&#8221;top_left&#8221; background_repeat=&#8221;repeat&#8221; global_colors_info=&#8221;{}&#8221;][et_pb_column type=&#8221;4_4&#8243; _builder_version=&#8221;4.16&#8243; custom_padding=&#8221;|||&#8221; global_colors_info=&#8221;{}&#8221; custom_padding__hover=&#8221;|||&#8221;][et_pb_text admin_label=&#8221;Text&#8221; _builder_version=&#8221;4.17.4&#8243; background_size=&#8221;initial&#8221; background_position=&#8221;top_left&#8221; background_repeat=&#8221;repeat&#8221; global_colors_info=&#8221;{}&#8221;]<\/p>\n<p>Solan Czech Sp.k zobowi\u0105zuje si\u0119 zapewni\u0107 dost\u0119pno\u015b\u0107 swojej strony internetowej zgodnie z przepisami ustawy z dnia 4 kwietnia 2019 r. o dost\u0119pno\u015bci cyfrowej stron internetowych i aplikacji mobilnych podmiot\u00f3w publicznych. O\u015bwiadczenie w sprawie dost\u0119pno\u015bci ma zastosowanie do <a href=\"https:\/\/solan.lublin.pl\/maszyny-rolnicze\/\">https:\/\/solan.lublin.pl\/maszyny-rolnicze\/<\/a>.<\/p>\n<p>Data publikacji strony internetowej:\u00a02023-11-09.<br \/>Data ostatniej istotnej aktualizacji:\u00a02023-11-09.<\/p>\n<h4>Status zgodno\u015bci z ustaw\u0105<\/h4>\n<p>Strona internetowa jest zgodna z ustaw\u0105 z dnia 4 kwietnia 2019 r. o dost\u0119pno\u015bci cyfrowej stron internetowych i aplikacji mobilnych podmiot\u00f3w publicznych.<\/p>\n<h4>Przygotowanie deklaracji dost\u0119pno\u015bci<\/h4>\n<p>O\u015bwiadczenie sporz\u0105dzono dnia:\u00a02023-11-09.<br \/>Deklaracj\u0119 sporz\u0105dzono na podstawie samooceny przeprowadzonej przez podmiot publiczny.<br \/>Data ostatniego przegl\u0105du deklaracji:\u00a02023-11-09.<\/p>\n<h4>Skr\u00f3ty klawiaturowe<\/h4>\n<p>Na stronie internetowej mo\u017cna u\u017cywa\u0107 standardowych skr\u00f3t\u00f3w klawiaturowych przegl\u0105darki. Dodatkowo mo\u017cna u\u017cy\u0107 nast\u0119puj\u0105cych skr\u00f3t\u00f3w: Przejd\u017a do tre\u015bci strony : ALT i 2. Mapa witryny : ALT i 3. Wyszukiwarka : ALT i 4.<\/p>\n<h4>Informacje zwrotne i dane kontaktowe<\/h4>\n<p>W przypadku problem\u00f3w z dost\u0119pno\u015bci\u0105 strony internetowej prosimy o kontakt. Osob\u0105 kontaktow\u0105 jest\u00a0Mateusz Czech,\u00a0<a href=\"mailto:m.czech@solan.lublin.pl\">m.czech@solan.lublin.pl<\/a>. Kontaktowa\u0107 mo\u017cna si\u0119 tak\u017ce, dzwoni\u0105c na numer telefonu +48 504 968 187 . T\u0105 sam\u0105 drog\u0105 mo\u017cna sk\u0142ada\u0107 wnioski o udost\u0119pnienie informacji niedost\u0119pnej oraz sk\u0142ada\u0107 skargi na brak zapewnienia dost\u0119pno\u015bci.<\/p>\n<h5>Obs\u0142uga wniosk\u00f3w i skarg zwi\u0105zanych z dost\u0119pno\u015bci\u0105<\/h5>\n<p>Ka\u017cdy ma prawo do wyst\u0105pienia z \u017c\u0105daniem zapewnienia dost\u0119pno\u015bci cyfrowej strony internetowej, aplikacji mobilnej lub jakiego\u015b ich elementu. Mo\u017cna tak\u017ce za\u017c\u0105da\u0107 udost\u0119pnienia informacji za pomoc\u0105 alternatywnego sposobu dost\u0119pu, na przyk\u0142ad przez odczytanie niedost\u0119pnego cyfrowo dokumentu, opisanie zawarto\u015bci filmu bez audiodeskrypcji itp. \u017b\u0105danie powinno zawiera\u0107 dane osoby zg\u0142aszaj\u0105cej \u017c\u0105danie, wskazanie, o kt\u00f3r\u0105 stron\u0119 internetow\u0105 lub aplikacj\u0119 mobiln\u0105 chodzi oraz spos\u00f3b kontaktu. Je\u017celi osoba \u017c\u0105daj\u0105ca zg\u0142asza potrzeb\u0119 otrzymania informacji za pomoc\u0105 alternatywnego sposobu dost\u0119pu, powinna tak\u017ce okre\u015bli\u0107 dogodny dla niej spos\u00f3b przedstawienia tej informacji. Podmiot publiczny powinien zrealizowa\u0107 \u017c\u0105danie niezw\u0142ocznie, nie p\u00f3\u017aniej ni\u017c w ci\u0105gu 7 dni od dnia wyst\u0105pienia z \u017c\u0105daniem. Je\u017celi dotrzymanie tego terminu nie jest mo\u017cliwe, podmiot publiczny niezw\u0142ocznie informuje o tym wnosz\u0105cego \u017c\u0105danie, kiedy realizacja \u017c\u0105dania b\u0119dzie mo\u017cliwa, przy czym termin ten nie mo\u017ce by\u0107 d\u0142u\u017cszy ni\u017c 2 miesi\u0105ce od dnia wyst\u0105pienia z \u017c\u0105daniem. Je\u017celi zapewnienie dost\u0119pno\u015bci cyfrowej nie jest mo\u017cliwe, podmiot publiczny mo\u017ce zaproponowa\u0107 alternatywny spos\u00f3b dost\u0119pu do informacji. W przypadku, gdy podmiot publiczny odm\u00f3wi realizacji \u017c\u0105dania zapewnienia dost\u0119pno\u015bci lub alternatywnego sposobu dost\u0119pu do informacji, wnosz\u0105cy \u017c\u0105danie mo\u017ce z\u0142o\u017cy\u0107 skarg\u0119 w sprawie zapewniana dost\u0119pno\u015bci cyfrowej strony internetowej, aplikacji mobilnej lub elementu strony internetowej, lub aplikacji mobilnej. Po wyczerpaniu wskazanej wy\u017cej procedury mo\u017cna tak\u017ce z\u0142o\u017cy\u0107 wniosek do Rzecznika Praw Obywatelskich.<\/p>\n<p><a href=\"https:\/\/bip.brpo.gov.pl\/pl\/content\/zlozenie-wniosku-do-rzecznika-praw-obywatelskich\">Strona internetowa Rzecznika Praw Obywatelskich<\/a><\/p>\n<h4>Aplikacje mobilne<\/h4>\n<p>brak<\/p>\n<h4>Dost\u0119pno\u015b\u0107 architektoniczna<\/h4>\n<p>[\/et_pb_text][\/et_pb_column][\/et_pb_row][\/et_pb_section]<\/p>\n","protected":false},"excerpt":{"rendered":"<p>Solan Czech Sp.k zobowi\u0105zuje si\u0119 zapewni\u0107 dost\u0119pno\u015b\u0107 swojej strony internetowej zgodnie z przepisami ustawy z dnia 4 kwietnia 2019 r. o dost\u0119pno\u015bci cyfrowej stron internetowych i aplikacji mobilnych podmiot\u00f3w publicznych. O\u015bwiadczenie w sprawie dost\u0119pno\u015bci ma zastosowanie do https:\/\/solan.lublin.pl\/maszyny-rolnicze\/. Data publikacji strony internetowej:\u00a02023-11-09.Data ostatniej istotnej aktualizacji:\u00a02023-11-09. Status zgodno\u015bci z ustaw\u0105 Strona internetowa jest zgodna z ustaw\u0105 [&hellip;]<\/p>\n","protected":false},"author":2,"featured_media":0,"parent":0,"menu_order":0,"comment_status":"closed","ping_status":"closed","template":"","meta":{"_et_pb_use_builder":"on","_et_pb_old_content":"Solan Sp. z o.o. Sp.k.\u00a0zobowi\u0105zuje si\u0119 zapewni\u0107 dost\u0119pno\u015b\u0107 swojej strony internetowej zgodnie z przepisami ustawy z dnia 4 kwietnia 2019 r. o dost\u0119pno\u015bci cyfrowej stron internetowych i aplikacji mobilnych podmiot\u00f3w publicznych. O\u015bwiadczenie w sprawie dost\u0119pno\u015bci ma zastosowanie do\u00a0<a href=\"https:\/\/solan.lublin.pl\/maszyny-rolnicze\/\">https:\/\/solan.lublin.pl\/maszyny-rolnicze\/<\/a>.\r\n\r\nData publikacji strony internetowej:\u00a02023-11-09.\r\nData ostatniej istotnej aktualizacji:\u00a02023-11-09.\r\n<h4>Status zgodno\u015bci z ustaw\u0105<\/h4>\r\nStrona internetowa jest zgodna z ustaw\u0105 z dnia 4 kwietnia 2019 r. o dost\u0119pno\u015bci cyfrowej stron internetowych i aplikacji mobilnych podmiot\u00f3w publicznych.\r\n<h4>Przygotowanie deklaracji dost\u0119pno\u015bci<\/h4>\r\nO\u015bwiadczenie sporz\u0105dzono dnia:\u00a02023-11-09.\r\nDeklaracj\u0119 sporz\u0105dzono na podstawie samooceny przeprowadzonej przez podmiot publiczny.\r\nData ostatniego przegl\u0105du deklaracji:\u00a02023-11-09.\r\n<h4>Skr\u00f3ty klawiaturowe<\/h4>\r\nNa stronie internetowej mo\u017cna u\u017cywa\u0107 standardowych skr\u00f3t\u00f3w klawiaturowych przegl\u0105darki. Dodatkowo mo\u017cna u\u017cy\u0107 nast\u0119puj\u0105cych skr\u00f3t\u00f3w: Przejd\u017a do tre\u015bci strony : ALT i 2. Mapa witryny : ALT i 3. Wyszukiwarka : ALT i 4.\r\n<h4>Informacje zwrotne i dane kontaktowe<\/h4>\r\nW przypadku problem\u00f3w z dost\u0119pno\u015bci\u0105 strony internetowej prosimy o kontakt. Osob\u0105 kontaktow\u0105 jest\u00a0Mateusz Czech,\u00a0<a href=\"mailto:m.czech@solan.lublin.pl\">m.czech@solan.lublin.pl<\/a>. Kontaktowa\u0107 mo\u017cna si\u0119 tak\u017ce, dzwoni\u0105c na numer telefonu +48 504 968 187 . T\u0105 sam\u0105 drog\u0105 mo\u017cna sk\u0142ada\u0107 wnioski o udost\u0119pnienie informacji niedost\u0119pnej oraz sk\u0142ada\u0107 skargi na brak zapewnienia dost\u0119pno\u015bci.\r\n<h5>Obs\u0142uga wniosk\u00f3w i skarg zwi\u0105zanych z dost\u0119pno\u015bci\u0105<\/h5>\r\nKa\u017cdy ma prawo do wyst\u0105pienia z \u017c\u0105daniem zapewnienia dost\u0119pno\u015bci cyfrowej strony internetowej, aplikacji mobilnej lub jakiego\u015b ich elementu. Mo\u017cna tak\u017ce za\u017c\u0105da\u0107 udost\u0119pnienia informacji za pomoc\u0105 alternatywnego sposobu dost\u0119pu, na przyk\u0142ad przez odczytanie niedost\u0119pnego cyfrowo dokumentu, opisanie zawarto\u015bci filmu bez audiodeskrypcji itp. \u017b\u0105danie powinno zawiera\u0107 dane osoby zg\u0142aszaj\u0105cej \u017c\u0105danie, wskazanie, o kt\u00f3r\u0105 stron\u0119 internetow\u0105 lub aplikacj\u0119 mobiln\u0105 chodzi oraz spos\u00f3b kontaktu. Je\u017celi osoba \u017c\u0105daj\u0105ca zg\u0142asza potrzeb\u0119 otrzymania informacji za pomoc\u0105 alternatywnego sposobu dost\u0119pu, powinna tak\u017ce okre\u015bli\u0107 dogodny dla niej spos\u00f3b przedstawienia tej informacji. Podmiot publiczny powinien zrealizowa\u0107 \u017c\u0105danie niezw\u0142ocznie, nie p\u00f3\u017aniej ni\u017c w ci\u0105gu 7 dni od dnia wyst\u0105pienia z \u017c\u0105daniem. Je\u017celi dotrzymanie tego terminu nie jest mo\u017cliwe, podmiot publiczny niezw\u0142ocznie informuje o tym wnosz\u0105cego \u017c\u0105danie, kiedy realizacja \u017c\u0105dania b\u0119dzie mo\u017cliwa, przy czym termin ten nie mo\u017ce by\u0107 d\u0142u\u017cszy ni\u017c 2 miesi\u0105ce od dnia wyst\u0105pienia z \u017c\u0105daniem. Je\u017celi zapewnienie dost\u0119pno\u015bci cyfrowej nie jest mo\u017cliwe, podmiot publiczny mo\u017ce zaproponowa\u0107 alternatywny spos\u00f3b dost\u0119pu do informacji. W przypadku, gdy podmiot publiczny odm\u00f3wi realizacji \u017c\u0105dania zapewnienia dost\u0119pno\u015bci lub alternatywnego sposobu dost\u0119pu do informacji, wnosz\u0105cy \u017c\u0105danie mo\u017ce z\u0142o\u017cy\u0107 skarg\u0119 w sprawie zapewniana dost\u0119pno\u015bci cyfrowej strony internetowej, aplikacji mobilnej lub elementu strony internetowej, lub aplikacji mobilnej. Po wyczerpaniu wskazanej wy\u017cej procedury mo\u017cna tak\u017ce z\u0142o\u017cy\u0107 wniosek do Rzecznika Praw Obywatelskich.\r\n\r\n<a href=\"https:\/\/bip.brpo.gov.pl\/pl\/content\/zlozenie-wniosku-do-rzecznika-praw-obywatelskich\">Strona internetowa Rzecznika Praw Obywatelskich<\/a>\r\n<h4>Aplikacje mobilne<\/h4>\r\nbrak\r\n<h4>Dost\u0119pno\u015b\u0107 architektoniczna<\/h4>","_et_gb_content_width":"","footnotes":""},"class_list":["post-3357","page","type-page","status-publish","hentry"],"yoast_head":"<!-- This site is optimized with the Yoast SEO plugin v26.9 - https:\/\/yoast.com\/product\/yoast-seo-wordpress\/ -->\n<title>Deklaracja Dost\u0119pno\u015bci - Solan<\/title>\n<meta name=\"description\" content=\"Strona po\u015bwi\u0119cona dost\u0119pno\u015bci maszyn rolniczych w Solan. Dowiedz si\u0119 wi\u0119cej o naszych zobowi\u0105zaniach i korzy\u015bciach z dost\u0119pnych rozwi\u0105za\u0144!\" \/>\n<meta name=\"robots\" content=\"noindex, nofollow\" \/>\n<meta property=\"og:locale\" content=\"pl_PL\" \/>\n<meta property=\"og:type\" content=\"article\" \/>\n<meta property=\"og:title\" content=\"Deklaracja Dost\u0119pno\u015bci - Solan\" \/>\n<meta property=\"og:description\" content=\"Strona po\u015bwi\u0119cona dost\u0119pno\u015bci maszyn rolniczych w Solan. Dowiedz si\u0119 wi\u0119cej o naszych zobowi\u0105zaniach i korzy\u015bciach z dost\u0119pnych rozwi\u0105za\u0144!\" \/>\n<meta property=\"og:url\" content=\"https:\/\/solan.lublin.pl\/maszyny-rolnicze\/deklaracja-dostepnosci\/\" \/>\n<meta property=\"og:site_name\" content=\"Solan\" \/>\n<meta property=\"article:modified_time\" content=\"2026-03-26T08:22:29+00:00\" \/>\n<meta name=\"twitter:card\" content=\"summary_large_image\" \/>\n<meta name=\"twitter:label1\" content=\"Szacowany czas czytania\" \/>\n\t<meta name=\"twitter:data1\" content=\"3 minuty\" \/>\n<script type=\"application\/ld+json\" class=\"yoast-schema-graph\">{\"@context\":\"https:\/\/schema.org\",\"@graph\":[{\"@type\":\"WebPage\",\"@id\":\"https:\/\/solan.lublin.pl\/maszyny-rolnicze\/deklaracja-dostepnosci\/\",\"url\":\"https:\/\/solan.lublin.pl\/maszyny-rolnicze\/deklaracja-dostepnosci\/\",\"name\":\"Deklaracja Dost\u0119pno\u015bci - Solan\",\"isPartOf\":{\"@id\":\"https:\/\/solan.lublin.pl\/maszyny-rolnicze\/#website\"},\"datePublished\":\"2023-11-14T09:33:12+00:00\",\"dateModified\":\"2026-03-26T08:22:29+00:00\",\"description\":\"Strona po\u015bwi\u0119cona dost\u0119pno\u015bci maszyn rolniczych w Solan. Dowiedz si\u0119 wi\u0119cej o naszych zobowi\u0105zaniach i korzy\u015bciach z dost\u0119pnych rozwi\u0105za\u0144!\",\"breadcrumb\":{\"@id\":\"https:\/\/solan.lublin.pl\/maszyny-rolnicze\/deklaracja-dostepnosci\/#breadcrumb\"},\"inLanguage\":\"pl-PL\",\"potentialAction\":[{\"@type\":\"ReadAction\",\"target\":[\"https:\/\/solan.lublin.pl\/maszyny-rolnicze\/deklaracja-dostepnosci\/\"]}]},{\"@type\":\"BreadcrumbList\",\"@id\":\"https:\/\/solan.lublin.pl\/maszyny-rolnicze\/deklaracja-dostepnosci\/#breadcrumb\",\"itemListElement\":[{\"@type\":\"ListItem\",\"position\":1,\"name\":\"Strona g\u0142\u00f3wna\",\"item\":\"https:\/\/solan.lublin.pl\/maszyny-rolnicze\/\"},{\"@type\":\"ListItem\",\"position\":2,\"name\":\"Deklaracja Dost\u0119pno\u015bci\"}]},{\"@type\":\"WebSite\",\"@id\":\"https:\/\/solan.lublin.pl\/maszyny-rolnicze\/#website\",\"url\":\"https:\/\/solan.lublin.pl\/maszyny-rolnicze\/\",\"name\":\"Solan\",\"description\":\"Maszyny rolnicze\",\"potentialAction\":[{\"@type\":\"SearchAction\",\"target\":{\"@type\":\"EntryPoint\",\"urlTemplate\":\"https:\/\/solan.lublin.pl\/maszyny-rolnicze\/?s={search_term_string}\"},\"query-input\":{\"@type\":\"PropertyValueSpecification\",\"valueRequired\":true,\"valueName\":\"search_term_string\"}}],\"inLanguage\":\"pl-PL\"}]}<\/script>\n<!-- \/ Yoast SEO plugin. -->","yoast_head_json":{"title":"Deklaracja Dost\u0119pno\u015bci - Solan","description":"Strona po\u015bwi\u0119cona dost\u0119pno\u015bci maszyn rolniczych w Solan. Dowiedz si\u0119 wi\u0119cej o naszych zobowi\u0105zaniach i korzy\u015bciach z dost\u0119pnych rozwi\u0105za\u0144!","robots":{"index":"noindex","follow":"nofollow"},"og_locale":"pl_PL","og_type":"article","og_title":"Deklaracja Dost\u0119pno\u015bci - Solan","og_description":"Strona po\u015bwi\u0119cona dost\u0119pno\u015bci maszyn rolniczych w Solan. Dowiedz si\u0119 wi\u0119cej o naszych zobowi\u0105zaniach i korzy\u015bciach z dost\u0119pnych rozwi\u0105za\u0144!","og_url":"https:\/\/solan.lublin.pl\/maszyny-rolnicze\/deklaracja-dostepnosci\/","og_site_name":"Solan","article_modified_time":"2026-03-26T08:22:29+00:00","twitter_card":"summary_large_image","twitter_misc":{"Szacowany czas czytania":"3 minuty"},"schema":{"@context":"https:\/\/schema.org","@graph":[{"@type":"WebPage","@id":"https:\/\/solan.lublin.pl\/maszyny-rolnicze\/deklaracja-dostepnosci\/","url":"https:\/\/solan.lublin.pl\/maszyny-rolnicze\/deklaracja-dostepnosci\/","name":"Deklaracja Dost\u0119pno\u015bci - Solan","isPartOf":{"@id":"https:\/\/solan.lublin.pl\/maszyny-rolnicze\/#website"},"datePublished":"2023-11-14T09:33:12+00:00","dateModified":"2026-03-26T08:22:29+00:00","description":"Strona po\u015bwi\u0119cona dost\u0119pno\u015bci maszyn rolniczych w Solan. Dowiedz si\u0119 wi\u0119cej o naszych zobowi\u0105zaniach i korzy\u015bciach z dost\u0119pnych rozwi\u0105za\u0144!","breadcrumb":{"@id":"https:\/\/solan.lublin.pl\/maszyny-rolnicze\/deklaracja-dostepnosci\/#breadcrumb"},"inLanguage":"pl-PL","potentialAction":[{"@type":"ReadAction","target":["https:\/\/solan.lublin.pl\/maszyny-rolnicze\/deklaracja-dostepnosci\/"]}]},{"@type":"BreadcrumbList","@id":"https:\/\/solan.lublin.pl\/maszyny-rolnicze\/deklaracja-dostepnosci\/#breadcrumb","itemListElement":[{"@type":"ListItem","position":1,"name":"Strona g\u0142\u00f3wna","item":"https:\/\/solan.lublin.pl\/maszyny-rolnicze\/"},{"@type":"ListItem","position":2,"name":"Deklaracja Dost\u0119pno\u015bci"}]},{"@type":"WebSite","@id":"https:\/\/solan.lublin.pl\/maszyny-rolnicze\/#website","url":"https:\/\/solan.lublin.pl\/maszyny-rolnicze\/","name":"Solan","description":"Maszyny rolnicze","potentialAction":[{"@type":"SearchAction","target":{"@type":"EntryPoint","urlTemplate":"https:\/\/solan.lublin.pl\/maszyny-rolnicze\/?s={search_term_string}"},"query-input":{"@type":"PropertyValueSpecification","valueRequired":true,"valueName":"search_term_string"}}],"inLanguage":"pl-PL"}]}},"_links":{"self":[{"href":"https:\/\/solan.lublin.pl\/maszyny-rolnicze\/wp-json\/wp\/v2\/pages\/3357","targetHints":{"allow":["GET"]}}],"collection":[{"href":"https:\/\/solan.lublin.pl\/maszyny-rolnicze\/wp-json\/wp\/v2\/pages"}],"about":[{"href":"https:\/\/solan.lublin.pl\/maszyny-rolnicze\/wp-json\/wp\/v2\/types\/page"}],"author":[{"embeddable":true,"href":"https:\/\/solan.lublin.pl\/maszyny-rolnicze\/wp-json\/wp\/v2\/users\/2"}],"replies":[{"embeddable":true,"href":"https:\/\/solan.lublin.pl\/maszyny-rolnicze\/wp-json\/wp\/v2\/comments?post=3357"}],"version-history":[{"count":4,"href":"https:\/\/solan.lublin.pl\/maszyny-rolnicze\/wp-json\/wp\/v2\/pages\/3357\/revisions"}],"predecessor-version":[{"id":3919,"href":"https:\/\/solan.lublin.pl\/maszyny-rolnicze\/wp-json\/wp\/v2\/pages\/3357\/revisions\/3919"}],"wp:attachment":[{"href":"https:\/\/solan.lublin.pl\/maszyny-rolnicze\/wp-json\/wp\/v2\/media?parent=3357"}],"curies":[{"name":"wp","href":"https:\/\/api.w.org\/{rel}","templated":true}]}}